{"id":9049,"date":"2025-02-20T00:40:23","date_gmt":"2025-02-19T21:40:23","guid":{"rendered":"https:\/\/titan.ziz.kz\/product\/derzhatel-tablichki-kme-l\/"},"modified":"2025-10-17T01:19:01","modified_gmt":"2025-10-16T22:19:01","slug":"derzhatel-tablichki-kme-l","status":"publish","type":"product","link":"https:\/\/tpgt.kz\/kz\/product\/derzhatel-tablichki-kme-l\/","title":{"rendered":"KME\/L \u0442\u0430\u049b\u0442\u0430 \u04b1\u0441\u0442\u0430\u0493\u044b\u0448\u044b"},"content":{"rendered":"<div class=\"MuiGrid-root MuiGrid-item MuiGrid-grid-xs-12\">\n<div class=\"MuiPaper-root MuiCard-root noPadding grayBackground productSizeTable MuiPaper-elevation0 MuiPaper-rounded\">\n<div class=\"MuiBox-root jss171 jss167\">\n<h2 class=\"MuiTypography-root primaryColor normal MuiTypography-h2\">\u041f\u0430\u0440\u0430\u043c\u0435\u0442\u0440\u043b\u0435\u0440<\/h2>\n<\/div>\n<div class=\"MuiTableContainer-root jss168\">\n<table class=\"MuiTable-root\">\n<thead class=\"MuiTableHead-root tableHead\">\n<tr class=\"MuiTableRow-root tableHeadRow MuiTableRow-head\">\n<th class=\"MuiTableCell-root MuiTableCell-head tableHeadCell pNoMargin\" role=\"columnheader\" scope=\"row\">\u04e8\u043d\u0456\u043c \u0442\u04af\u0440\u0456<\/th>\n<th class=\"MuiTableCell-root MuiTableCell-head tableHeadCell pNoMargin\" role=\"columnheader\" scope=\"row\">\u0422\u0430\u043f\u0441\u044b\u0440\u044b\u0441 \u043d\u04e9\u043c\u0456\u0440\u0456<\/th>\n<th class=\"MuiTableCell-root MuiTableCell-head tableHeadCell pNoMargin\" role=\"columnheader\" scope=\"row\">GTIN<\/th>\n<th class=\"MuiTableCell-root MuiTableCell-head tableHeadCell pNoMargin\" role=\"columnheader\" scope=\"row\">\u0422\u04af\u0441<\/th>\n<th class=\"MuiTableCell-root MuiTableCell-head tableHeadCell pNoMargin\" role=\"columnheader\" scope=\"row\">\u0421\u0430\u043d\u044b \u0434\u0430\u043d\u0430.<\/th>\n<th class=\"MuiTableCell-root MuiTableCell-head tableHeadCell pNoMargin\" role=\"columnheader\" scope=\"row\">\u0415\u04a3 \u0430\u0437 \u0442\u0430\u043f\u0441\u044b\u0440\u044b\u0441 \u0441\u0430\u043d\u044b<\/th>\n<th class=\"MuiTableCell-root MuiTableCell-head tableHeadCell minWidth0\" role=\"columnheader\" scope=\"row\"><\/th>\n<\/tr>\n<\/thead>\n<tbody class=\"MuiTableBody-root\">\n<tr class=\"MuiTableRow-root\">\n<td class=\"MuiTableCell-root MuiTableCell-body tableHeadCell pNoMargin\" colspan=\"8\" scope=\"row\">\n<div class=\"MuiBox-root jss172 flex alignItemsCenter\"><\/div>\n<\/td>\n<\/tr>\n<tr id=\"86383041\" class=\"MuiTableRow-root variationRow whiteBackground\">\n<td class=\"MuiTableCell-root MuiTableCell-body\">\n<p class=\"MuiTypography-root pNoMargin MuiTypography-body2\">KME\/L<\/p>\n<\/td>\n<td class=\"MuiTableCell-root MuiTableCell-body\">\n<p class=\"MuiTypography-root pNoMargin MuiTypography-body2\">86383041<\/p>\n<\/td>\n<td class=\"MuiTableCell-root MuiTableCell-body\">\n<p class=\"MuiTypography-root pNoMargin MuiTypography-body2\">4045005093424<\/p>\n<\/td>\n<td class=\"MuiTableCell-root MuiTableCell-body\">\n<p class=\"SPALTE_VARIABEL_ZENTRIERT\">\u0410\u049b<\/p>\n<\/td>\n<td class=\"MuiTableCell-root MuiTableCell-body\">\n<p class=\"MuiTypography-root pNoMargin MuiTypography-body2\">50<\/p>\n<\/td>\n<td class=\"MuiTableCell-root MuiTableCell-body\">\n<p class=\"MuiTypography-root pNoMargin MuiTypography-body2\">50<\/p>\n<\/td>\n<td class=\"MuiTableCell-root MuiTableCell-body\" colspan=\"2\">\n<div class=\"MuiBox-root jss208\"><\/div>\n<\/td>\n<td class=\"MuiTableCell-root MuiTableCell-body\" width=\"44\">\n<div class=\"loaded\">\n<div><img decoding=\"async\" role=\"presentation\" src=\"data:image\/svg+xml;base64,PHN2ZyB3aWR0aD0iMjAiIGhlaWdodD0iMjAiIHhtbG5zPSJodHRwOi8vd3d3LnczLm9yZy8yMDAwL3N2ZyIgdmVyc2lvbj0iMS4xIi8+\" alt=\"\" aria-hidden=\"true\" \/><\/div>\n<\/div>\n<\/td>\n<\/tr>\n<\/tbody>\n<\/table>\n<\/div>\n<\/div>\n<\/div>\n<div class=\"MuiGrid-root MuiGrid-item MuiGrid-grid-xs-12\">\n<div class=\"MuiPaper-root MuiCard-root noPadding grayBackground productSizeTable MuiPaper-elevation0 MuiPaper-rounded\">\n<div class=\"MuiBox-root jss173 jss167\">\n<h2 class=\"MuiTypography-root primaryColor normal MuiTypography-h2\">\u049a\u043e\u0441\u044b\u043c\u0448\u0430 \u043c\u04d9\u043b\u0456\u043c\u0435\u0442\u0442\u0435\u0440<\/h2>\n<\/div>\n<div class=\"MuiTableContainer-root jss168\">\n<table class=\"MuiTable-root\">\n<thead class=\"MuiTableHead-root tableHead\">\n<tr class=\"MuiTableRow-root tableHeadRow MuiTableRow-head\">\n<th class=\"MuiTableCell-root MuiTableCell-head tableHeadCell pNoMargin\" role=\"columnheader\" scope=\"col\"><span class=\"MuiBox-root jss174\">\u04e8\u043d\u0456\u043c \u0442\u04af\u0440\u0456<\/span><\/th>\n<th class=\"MuiTableCell-root MuiTableCell-head tableHeadCell pNoMargin\" role=\"columnheader\" scope=\"col\"><span class=\"MuiBox-root jss175\">\u0422\u0430\u043f\u0441\u044b\u0440\u044b\u0441 \u043d\u04e9\u043c\u0456\u0440\u0456<\/span><\/th>\n<th class=\"MuiTableCell-root MuiTableCell-head tableHeadCell pNoMargin\" role=\"columnheader\" scope=\"col\"><span class=\"MuiBox-root jss176\">\u0422\u04af\u0441<\/span><\/th>\n<th class=\"MuiTableCell-root MuiTableCell-head tableHeadCell pNoMargin\" role=\"columnheader\" scope=\"col\"><span class=\"MuiBox-root jss177\">\u049a\u043e\u043b\u0434\u0430\u043d\u0443 \u0430\u0443\u043c\u0430\u0493\u044b \u2014 \u00d8 \u043c\u043c \u0434\u0435\u0439\u0456\u043d (C)<\/span><\/th>\n<th class=\"MuiTableCell-root MuiTableCell-head tableHeadCell pNoMargin\" role=\"columnheader\" scope=\"col\"><span class=\"MuiBox-root jss178\">\u04b0\u0441\u044b\u043d\u044b\u043b\u0430\u0442\u044b\u043d \u043d\u04e9\u043c\u0456\u0440<\/span><\/th>\n<th class=\"MuiTableCell-root MuiTableCell-head tableHeadCell pNoMargin\" role=\"columnheader\" scope=\"col\"><span class=\"MuiBox-root jss179\">\u0421\u0430\u043d\u044b \u0434\u0430\u043d\u0430.<\/span><\/th>\n<\/tr>\n<\/thead>\n<tbody class=\"MuiTableBody-root\">\n<tr class=\"MuiTableRow-root\">\n<th class=\"MuiTableCell-root MuiTableCell-body tableHeadCell\" role=\"cell\" colspan=\"10\" scope=\"row\"><\/th>\n<\/tr>\n<tr class=\"MuiTableRow-root whiteBackground sizeRow\">\n<td class=\"MuiTableCell-root MuiTableCell-body minWidth0\">\n<p class=\"MuiTypography-root pNoMargin inlineFlex pointer MuiTypography-body2\">KME\/L<\/p>\n<\/td>\n<td class=\"MuiTableCell-root MuiTableCell-body minWidth0\">\n<p class=\"MuiTypography-root pNoMargin inlineFlex pointer MuiTypography-body2\">86383041<\/p>\n<\/td>\n<td class=\"MuiTableCell-root MuiTableCell-body minWidth0\">\n<p class=\"SPALTE_VARIABEL_ZENTRIERT\">\u0410\u049b<\/p>\n<\/td>\n<td class=\"MuiTableCell-root MuiTableCell-body minWidth0\">\n<p class=\"MuiTypography-root pNoMargin inlineFlex pointer MuiTypography-body2\">1,6\u20137,8<\/p>\n<\/td>\n<td class=\"MuiTableCell-root MuiTableCell-body minWidth0\">\n<p class=\"MuiTypography-root pNoMargin inlineFlex pointer MuiTypography-body2\">\u041a\u0421\u041e 20\u00d79, 35\u00d79, 70\u00d79<\/p>\n<\/td>\n<td class=\"MuiTableCell-root MuiTableCell-body minWidth0\">\n<p class=\"MuiTypography-root pNoMargin inlineFlex pointer MuiTypography-body2\">50<\/p>\n<\/td>\n<\/tr>\n<\/tbody>\n<\/table>\n<\/div>\n<\/div>\n<\/div>","protected":false},"excerpt":{"rendered":"<p class=\"FT\">\u0415\u04a3 \u0436\u043e\u0493\u0430\u0440\u044b \u0441\u0442\u0430\u043d\u0434\u0430\u0440\u0442\u0442\u0430\u0440\u0493\u0430 \u0441\u04d9\u0439\u043a\u0435\u0441 \u043a\u0435\u043b\u0435\u0442\u0456\u043d \u0436\u043e\u0493\u0430\u0440\u044b \u0441\u0430\u043f\u0430\u043b\u044b, \u0433\u0430\u043b\u043e\u0433\u0435\u043d\u0441\u0456\u0437, \u0435\u043a\u0456 \u043a\u043e\u043c\u043f\u043e\u043d\u0435\u043d\u0442\u0442\u0456 \u0431\u0435\u043b\u0433\u0456 \u04b1\u0441\u0442\u0430\u0493\u044b\u0448\u044b. \u049a\u043e\u0441\u044b\u043c\u0448\u0430 \u0436\u04b1\u043c\u0441\u0430\u049b \u043a\u043e\u043c\u043f\u043e\u043d\u0435\u043d\u0442 \u0441\u044b\u043c\u0434\u0430\u0440 \u043c\u0435\u043d \u043a\u0430\u0431\u0435\u043b\u044c \u049b\u0430\u0431\u044b\u0493\u044b\u043d \u0437\u0430\u049b\u044b\u043c\u0434\u0430\u043d\u0443\u0434\u0430\u043d \u049b\u043e\u0440\u0493\u0430\u0439\u0434\u044b. \u042d\u043b\u0430\u0441\u0442\u043e\u043c\u0435\u0440 \u04d9\u0440\u0442\u04af\u0440\u043b\u0456 \u043a\u0430\u0431\u0435\u043b\u044c \u0434\u0438\u0430\u043c\u0435\u0442\u0440\u043b\u0435\u0440\u0456\u043d\u0435 \u0431\u0435\u0439\u0456\u043c\u0434\u0435\u043b\u0435\u0434\u0456. \u0411\u0435\u043b\u0433\u0456 \u04b1\u0441\u0442\u0430\u0443\u0448\u044b\u043d\u044b\u04a3 \u0433\u0435\u043e\u043c\u0435\u0442\u0440\u0438\u044f\u0441\u044b \u04d9\u0440\u0442\u04af\u0440\u043b\u0456 \u04b1\u0437\u044b\u043d\u0434\u044b\u049b\u0442\u0430\u0493\u044b \u0431\u0435\u043b\u0433\u0456\u043b\u0435\u0440\u0434\u0456 \u043e\u0440\u043d\u0430\u0442\u0443\u0493\u0430 \u043c\u04af\u043c\u043a\u0456\u043d\u0434\u0456\u043a \u0431\u0435\u0440\u0435\u0434\u0456.<\/p>\n<p class=\"FT\">\u041a\u04e9\u043b\u0434\u0435\u043d\u0435\u04a3 \u049b\u0438\u043c\u0430 \u0434\u0438\u0430\u043f\u0430\u0437\u043e\u043d\u044b 1,6 \u043c\u043c-\u0434\u0435\u043d 7,8 \u043c\u043c-\u0433\u0435 \u0434\u0435\u0439\u0456\u043d<\/p>\n<p class=\"FT\">KSO \u0431\u0435\u043b\u0433\u0456\u0441\u0456\u043d\u0456\u04a3 \u04af\u0448 \u04b1\u0437\u044b\u043d\u0434\u044b\u0493\u044b\u043d \u049b\u043e\u043b\u0434\u0430\u043d\u0443\u0493\u0430 \u0431\u043e\u043b\u0430\u0434\u044b<\/p>\n<p class=\"FT\">\u0411\u0435\u043b\u0433\u0456\u043b\u0435\u0440\u0434\u0456 \u0438\u043a\u0435\u043c\u0434\u0456 \u0430\u0443\u044b\u0441\u0442\u044b\u0440\u0443 \u043c\u04af\u043c\u043a\u0456\u043d<\/p>\n<p>&nbsp;<\/p>","protected":false},"featured_media":12413,"template":"","meta":{"_acf_changed":false},"product_brand":[],"product_cat":[10838],"product_tag":[],"class_list":{"0":"post-9049","1":"product","2":"type-product","3":"status-publish","4":"has-post-thumbnail","6":"product_cat-krepezhnye-planki-dlja-markirovochnyh-tablichek-markirovka-odinochnyh-provodov-kabelej-i-shlangov","8":"first","9":"instock","10":"shipping-taxable","11":"product-type-simple"},"acf":[],"_links":{"self":[{"href":"https:\/\/tpgt.kz\/kz\/wp-json\/wp\/v2\/product\/9049","targetHints":{"allow":["GET"]}}],"collection":[{"href":"https:\/\/tpgt.kz\/kz\/wp-json\/wp\/v2\/product"}],"about":[{"href":"https:\/\/tpgt.kz\/kz\/wp-json\/wp\/v2\/types\/product"}],"wp:featuredmedia":[{"embeddable":true,"href":"https:\/\/tpgt.kz\/kz\/wp-json\/wp\/v2\/media\/12413"}],"wp:attachment":[{"href":"https:\/\/tpgt.kz\/kz\/wp-json\/wp\/v2\/media?parent=9049"}],"wp:term":[{"taxonomy":"product_brand","embeddable":true,"href":"https:\/\/tpgt.kz\/kz\/wp-json\/wp\/v2\/product_brand?post=9049"},{"taxonomy":"product_cat","embeddable":true,"href":"https:\/\/tpgt.kz\/kz\/wp-json\/wp\/v2\/product_cat?post=9049"},{"taxonomy":"product_tag","embeddable":true,"href":"https:\/\/tpgt.kz\/kz\/wp-json\/wp\/v2\/product_tag?post=9049"}],"curies":[{"name":"wp","href":"https:\/\/api.w.org\/{rel}","templated":true}]}}