{"id":9049,"date":"2025-02-20T00:40:23","date_gmt":"2025-02-19T21:40:23","guid":{"rendered":"https:\/\/titan.ziz.kz\/product\/derzhatel-tablichki-kme-l\/"},"modified":"2025-10-17T01:19:01","modified_gmt":"2025-10-16T22:19:01","slug":"derzhatel-tablichki-kme-l","status":"publish","type":"product","link":"https:\/\/tpgt.kz\/en\/product\/derzhatel-tablichki-kme-l\/","title":{"rendered":"KME\/L plate holder"},"content":{"rendered":"<div class=\"MuiGrid-root MuiGrid-item MuiGrid-grid-xs-12\">\n<div class=\"MuiPaper-root MuiCard-root noPadding grayBackground productSizeTable MuiPaper-elevation0 MuiPaper-rounded\">\n<div class=\"MuiBox-root jss171 jss167\">\n<h2 class=\"MuiTypography-root primaryColor normal MuiTypography-h2\">Options<\/h2>\n<\/div>\n<div class=\"MuiTableContainer-root jss168\">\n<table class=\"MuiTable-root\">\n<thead class=\"MuiTableHead-root tableHead\">\n<tr class=\"MuiTableRow-root tableHeadRow MuiTableRow-head\">\n<th class=\"MuiTableCell-root MuiTableCell-head tableHeadCell pNoMargin\" role=\"columnheader\" scope=\"row\">Type of product<\/th>\n<th class=\"MuiTableCell-root MuiTableCell-head tableHeadCell pNoMargin\" role=\"columnheader\" scope=\"row\">Order number<\/th>\n<th class=\"MuiTableCell-root MuiTableCell-head tableHeadCell pNoMargin\" role=\"columnheader\" scope=\"row\">GTIN<\/th>\n<th class=\"MuiTableCell-root MuiTableCell-head tableHeadCell pNoMargin\" role=\"columnheader\" scope=\"row\">Color<\/th>\n<th class=\"MuiTableCell-root MuiTableCell-head tableHeadCell pNoMargin\" role=\"columnheader\" scope=\"row\">Qty. pcs.<\/th>\n<th class=\"MuiTableCell-root MuiTableCell-head tableHeadCell pNoMargin\" role=\"columnheader\" scope=\"row\">Minimum order quantity<\/th>\n<th class=\"MuiTableCell-root MuiTableCell-head tableHeadCell minWidth0\" role=\"columnheader\" scope=\"row\"><\/th>\n<\/tr>\n<\/thead>\n<tbody class=\"MuiTableBody-root\">\n<tr class=\"MuiTableRow-root\">\n<td class=\"MuiTableCell-root MuiTableCell-body tableHeadCell pNoMargin\" colspan=\"8\" scope=\"row\">\n<div class=\"MuiBox-root jss172 flex alignItemsCenter\"><\/div>\n<\/td>\n<\/tr>\n<tr id=\"86383041\" class=\"MuiTableRow-root variationRow whiteBackground\">\n<td class=\"MuiTableCell-root MuiTableCell-body\">\n<p class=\"MuiTypography-root pNoMargin MuiTypography-body2\">KME\/L<\/p>\n<\/td>\n<td class=\"MuiTableCell-root MuiTableCell-body\">\n<p class=\"MuiTypography-root pNoMargin MuiTypography-body2\">86383041<\/p>\n<\/td>\n<td class=\"MuiTableCell-root MuiTableCell-body\">\n<p class=\"MuiTypography-root pNoMargin MuiTypography-body2\">4045005093424<\/p>\n<\/td>\n<td class=\"MuiTableCell-root MuiTableCell-body\">\n<p class=\"SPALTE_VARIABEL_ZENTRIERT\">White<\/p>\n<\/td>\n<td class=\"MuiTableCell-root MuiTableCell-body\">\n<p class=\"MuiTypography-root pNoMargin MuiTypography-body2\">50<\/p>\n<\/td>\n<td class=\"MuiTableCell-root MuiTableCell-body\">\n<p class=\"MuiTypography-root pNoMargin MuiTypography-body2\">50<\/p>\n<\/td>\n<td class=\"MuiTableCell-root MuiTableCell-body\" colspan=\"2\">\n<div class=\"MuiBox-root jss208\"><\/div>\n<\/td>\n<td class=\"MuiTableCell-root MuiTableCell-body\" width=\"44\">\n<div class=\"loaded\">\n<div><img decoding=\"async\" role=\"presentation\" src=\"data:image\/svg+xml;base64,PHN2ZyB3aWR0aD0iMjAiIGhlaWdodD0iMjAiIHhtbG5zPSJodHRwOi8vd3d3LnczLm9yZy8yMDAwL3N2ZyIgdmVyc2lvbj0iMS4xIi8+\" alt=\"\" aria-hidden=\"true\" \/><\/div>\n<\/div>\n<\/td>\n<\/tr>\n<\/tbody>\n<\/table>\n<\/div>\n<\/div>\n<\/div>\n<div class=\"MuiGrid-root MuiGrid-item MuiGrid-grid-xs-12\">\n<div class=\"MuiPaper-root MuiCard-root noPadding grayBackground productSizeTable MuiPaper-elevation0 MuiPaper-rounded\">\n<div class=\"MuiBox-root jss173 jss167\">\n<h2 class=\"MuiTypography-root primaryColor normal MuiTypography-h2\">Additional details<\/h2>\n<\/div>\n<div class=\"MuiTableContainer-root jss168\">\n<table class=\"MuiTable-root\">\n<thead class=\"MuiTableHead-root tableHead\">\n<tr class=\"MuiTableRow-root tableHeadRow MuiTableRow-head\">\n<th class=\"MuiTableCell-root MuiTableCell-head tableHeadCell pNoMargin\" role=\"columnheader\" scope=\"col\"><span class=\"MuiBox-root jss174\">Type of product<\/span><\/th>\n<th class=\"MuiTableCell-root MuiTableCell-head tableHeadCell pNoMargin\" role=\"columnheader\" scope=\"col\"><span class=\"MuiBox-root jss175\">Order number<\/span><\/th>\n<th class=\"MuiTableCell-root MuiTableCell-head tableHeadCell pNoMargin\" role=\"columnheader\" scope=\"col\"><span class=\"MuiBox-root jss176\">Color<\/span><\/th>\n<th class=\"MuiTableCell-root MuiTableCell-head tableHeadCell pNoMargin\" role=\"columnheader\" scope=\"col\"><span class=\"MuiBox-root jss177\">Application area from \u2014 to \u00d8 mm (C)<\/span><\/th>\n<th class=\"MuiTableCell-root MuiTableCell-head tableHeadCell pNoMargin\" role=\"columnheader\" scope=\"col\"><span class=\"MuiBox-root jss178\">Recommended plate number<\/span><\/th>\n<th class=\"MuiTableCell-root MuiTableCell-head tableHeadCell pNoMargin\" role=\"columnheader\" scope=\"col\"><span class=\"MuiBox-root jss179\">Qty. pcs.<\/span><\/th>\n<\/tr>\n<\/thead>\n<tbody class=\"MuiTableBody-root\">\n<tr class=\"MuiTableRow-root\">\n<th class=\"MuiTableCell-root MuiTableCell-body tableHeadCell\" role=\"cell\" colspan=\"10\" scope=\"row\"><\/th>\n<\/tr>\n<tr class=\"MuiTableRow-root whiteBackground sizeRow\">\n<td class=\"MuiTableCell-root MuiTableCell-body minWidth0\">\n<p class=\"MuiTypography-root pNoMargin inlineFlex pointer MuiTypography-body2\">KME\/L<\/p>\n<\/td>\n<td class=\"MuiTableCell-root MuiTableCell-body minWidth0\">\n<p class=\"MuiTypography-root pNoMargin inlineFlex pointer MuiTypography-body2\">86383041<\/p>\n<\/td>\n<td class=\"MuiTableCell-root MuiTableCell-body minWidth0\">\n<p class=\"SPALTE_VARIABEL_ZENTRIERT\">White<\/p>\n<\/td>\n<td class=\"MuiTableCell-root MuiTableCell-body minWidth0\">\n<p class=\"MuiTypography-root pNoMargin inlineFlex pointer MuiTypography-body2\">1.6\u20137.8<\/p>\n<\/td>\n<td class=\"MuiTableCell-root MuiTableCell-body minWidth0\">\n<p class=\"MuiTypography-root pNoMargin inlineFlex pointer MuiTypography-body2\">KSO 20\u00d79, 35\u00d79, 70\u00d79<\/p>\n<\/td>\n<td class=\"MuiTableCell-root MuiTableCell-body minWidth0\">\n<p class=\"MuiTypography-root pNoMargin inlineFlex pointer MuiTypography-body2\">50<\/p>\n<\/td>\n<\/tr>\n<\/tbody>\n<\/table>\n<\/div>\n<\/div>\n<\/div>","protected":false},"excerpt":{"rendered":"<p class=\"FT\">A high-quality, halogen-free, two-component sign holder that meets the highest standards. An additional soft component protects the wires and cable sheath from damage. The elastomer adapts to various cable diameters. The sign holder&#039;s geometry allows for the installation of signs of varying lengths.<\/p>\n<p class=\"FT\">Cross-section range from 1.6 mm to 7.8 mm<\/p>\n<p class=\"FT\">Three lengths of the KSO sign can be used<\/p>\n<p class=\"FT\">Flexible replacement of signs is possible<\/p>\n<p>&nbsp;<\/p>","protected":false},"featured_media":12413,"template":"","meta":{"_acf_changed":false},"product_brand":[],"product_cat":[10838],"product_tag":[],"class_list":{"0":"post-9049","1":"product","2":"type-product","3":"status-publish","4":"has-post-thumbnail","6":"product_cat-krepezhnye-planki-dlja-markirovochnyh-tablichek-markirovka-odinochnyh-provodov-kabelej-i-shlangov","8":"first","9":"instock","10":"shipping-taxable","11":"product-type-simple"},"acf":[],"_links":{"self":[{"href":"https:\/\/tpgt.kz\/en\/wp-json\/wp\/v2\/product\/9049","targetHints":{"allow":["GET"]}}],"collection":[{"href":"https:\/\/tpgt.kz\/en\/wp-json\/wp\/v2\/product"}],"about":[{"href":"https:\/\/tpgt.kz\/en\/wp-json\/wp\/v2\/types\/product"}],"wp:featuredmedia":[{"embeddable":true,"href":"https:\/\/tpgt.kz\/en\/wp-json\/wp\/v2\/media\/12413"}],"wp:attachment":[{"href":"https:\/\/tpgt.kz\/en\/wp-json\/wp\/v2\/media?parent=9049"}],"wp:term":[{"taxonomy":"product_brand","embeddable":true,"href":"https:\/\/tpgt.kz\/en\/wp-json\/wp\/v2\/product_brand?post=9049"},{"taxonomy":"product_cat","embeddable":true,"href":"https:\/\/tpgt.kz\/en\/wp-json\/wp\/v2\/product_cat?post=9049"},{"taxonomy":"product_tag","embeddable":true,"href":"https:\/\/tpgt.kz\/en\/wp-json\/wp\/v2\/product_tag?post=9049"}],"curies":[{"name":"wp","href":"https:\/\/api.w.org\/{rel}","templated":true}]}}