{"id":7682,"date":"2025-02-14T16:32:41","date_gmt":"2025-02-14T13:32:41","guid":{"rendered":"https:\/\/titan.ziz.kz\/?post_type=product&#038;p=7682"},"modified":"2025-06-26T14:06:04","modified_gmt":"2025-06-26T11:06:04","slug":"ultrazvukovoe-ustrojstvo-dlja-kontrolja-smazyvanija","status":"publish","type":"product","link":"https:\/\/tpgt.kz\/en\/product\/ultrazvukovoe-ustrojstvo-dlja-kontrolja-smazyvanija\/","title":{"rendered":"Ultrasonic lubrication control device"},"content":{"rendered":"<p>Relubrication is crucial for extending bearing life, but is often a matter of experience. The TLGU 10 makes relubrication a more practical process, taking into account the equipment&#039;s condition to ensure the correct amount of lubricant is delivered to the bearing at the right time.<\/p>\n<section class=\"sections\">\n<div class=\"container\">\n<div class=\"row\">\n<div id=\"cid-570697\" class=\"body-text-main col-md-8 space-between\">\n<div class=\"body-text-main\">\n<div class=\"body\">\n<div class=\"content text-darker-green-grey\">\n<div id=\"rich-text-div\">\n<p>The device is easy to use and uses a reliable, highly repeatable sensor designed for harsh conditions. The sensor monitors the sound of lubricant filling the bearing. When connected to a grease gun, the TLGU 10 allows the technician to hear this sound through headphones. The sound changes sharply when the required amount of lubricant is filled into the bearing. A color display also shows noise levels for ease of use.<\/p>\n<p>A combination of audio and visual monitoring helps technicians perform lubrication quickly and accurately. Under-lubrication can lead to premature bearing failure or contaminants entering the bearing. Over-lubrication is wasteful and uneconomical, and can have serious consequences. Both under- and over-lubrication can shorten the life of a bearing.<\/p>\n<p>The TLGU 10 helps technicians deliver the optimal amount of lubricant to maximize bearing performance and life.<\/p>\n<\/div>\n<\/div>\n<\/div>\n<\/div>\n<\/div>\n<div id=\"cid-570700\" class=\"col-md-4 space-between\">\n<div class=\"releated-links\">\n<div class=\"content\">\n<div class=\"link-header\">Note:<\/div>\n<div><a target=\"_self\" rel=\"nofollow noopener noreferrer\">A grease gun is not included with the TLGU 10. SKF offers a range of grease guns that can be purchased separately.<\/a><\/div>\n<div><a href=\"https:\/\/www.skf.com\/kz\/products\/lubrication-management\/manual-lubrication-tools\/grease-handling-tools\/grease-guns\" target=\"_self\" rel=\"noopener\">Grease guns<\/a><\/div>\n<div><a href=\"https:\/\/www.skf.com\/kz\/products\/lubrication-management\/manual-lubrication-tools\/grease-handling-tools\/one-hand-operated-grease-gun\" target=\"_self\" rel=\"noopener\">A grease gun designed for one-handed use<\/a><\/div>\n<\/div>\n<\/div>\n<\/div>\n<\/div>\n<\/div>\n<\/section>\n<section class=\"sections\">\n<div>\n<div id=\"cid-570699\" class=\"bg-off-white make-sticky\">\n<div id=\"top-target-div-8c277a5c-ec52-4656-8051-2d88448d3ce0\" class=\"anchor\">\n<div id=\"toMoveID\" class=\"toMove maxHeight\">\n<div class=\"container\">\n<div class=\"content is-not-pdp\">\n<div id=\"heightChecker\" class=\"shortcuts is-not-pdp\">\n<div class=\"progress-container\"><\/div>\n<\/div>\n<\/div>\n<\/div>\n<\/div>\n<\/div>\n<\/div>\n<\/div>\n<\/section>\n<section class=\"sections\">\n<div>\n<div class=\"container\">\n<div class=\"row\">\n<div id=\"cid-570693\" class=\"body-text-main col-md-8 space-between\">\n<div class=\"body-text-main\">\n<div class=\"body\">\n<div class=\"content text-darker-green-grey\">\n<div id=\"rich-text-div\">\n<table class=\"no-colors\" border=\"1\" cellspacing=\"1\" cellpadding=\"1\">\n<caption>Technical specifications<\/caption>\n<colgroup>\n<col width=\"20%\" valign=\"top\" \/>\n<col width=\"30%\" valign=\"top\" \/>\n<col width=\"50%\" valign=\"top\" \/><\/colgroup>\n<tbody>\n<tr>\n<td><strong>Designation<\/strong><\/td>\n<td><\/td>\n<td><strong>TLGU 10<\/strong><\/td>\n<\/tr>\n<tr>\n<td><strong>Description<\/strong><\/td>\n<td><\/td>\n<td>Ultrasonic sensor for lubrication control<\/td>\n<\/tr>\n<tr>\n<td rowspan=\"7\"><strong>General information<\/strong><\/td>\n<td>Measurement channel<\/td>\n<td>1 channel, 7-pin LEMO connector<\/td>\n<\/tr>\n<tr>\n<td>Display<\/td>\n<td>Color organic LED, 160\u00d7128 pixels<\/td>\n<\/tr>\n<tr>\n<td>Keyboard<\/td>\n<td>5 function keys<\/td>\n<\/tr>\n<tr>\n<td>Measurement range<\/td>\n<td>from -6 to 99.9 dB\u03bcV (reference value 0 dB = 1 \u03bcV)<\/td>\n<\/tr>\n<tr>\n<td>Permission<\/td>\n<td>0.1 dB<\/td>\n<\/tr>\n<tr>\n<td>Measurement<\/td>\n<td>Frequency range from 35 to 42 kHz<\/td>\n<\/tr>\n<tr>\n<td>Signal amplification<\/td>\n<td>from +30 to +102 in 6 dB increments<\/td>\n<\/tr>\n<tr>\n<td rowspan=\"4\"><strong>Audio characteristics<\/strong><\/td>\n<td>Gain<\/td>\n<td>5 adjustable positions with 6 dB steps<\/td>\n<\/tr>\n<tr>\n<td>Maximum power<\/td>\n<td>Sound pressure level +83 dB with included headphones<\/td>\n<\/tr>\n<tr>\n<td>Headphones<\/td>\n<td>NRR Peltor HQ, 25 dB<\/td>\n<\/tr>\n<tr>\n<td>Headphone jack<\/td>\n<td>Stereo jack type 6.35 mm (1\/4 inch)<\/td>\n<\/tr>\n<tr>\n<td rowspan=\"2\"><strong>Nutrition<\/strong><\/td>\n<td>Battery<\/td>\n<td>2 AA batteries<\/td>\n<\/tr>\n<tr>\n<td>Battery life<\/td>\n<td>7 hours<\/td>\n<\/tr>\n<tr>\n<td rowspan=\"2\"><strong>Working conditions<\/strong><\/td>\n<td>Operating temperature<\/td>\n<td>From \u221210 to +50 \u00b0C (from 14 to 122 \u00b0F)<\/td>\n<\/tr>\n<tr>\n<td>IP protection class<\/td>\n<td>IP42<\/td>\n<\/tr>\n<tr>\n<td rowspan=\"6\"><strong>Mechanical characteristics<\/strong><\/td>\n<td>Body material<\/td>\n<td>ABS plastic<\/td>\n<\/tr>\n<tr>\n<td>Dimensions of the device<\/td>\n<td>158 \u00d7 59 \u00d7 38.5 mm (6.22 \u00d7 2.32 \u00d7 1.51 in)<\/td>\n<\/tr>\n<tr>\n<td>Length of flexible tube<\/td>\n<td>445 mm (17.51 in)<\/td>\n<\/tr>\n<tr>\n<td>Weight of the device<\/td>\n<td>164 g (5.78 oz)<\/td>\n<\/tr>\n<tr>\n<td>Case dimensions<\/td>\n<td>530 \u00d7 110 \u00d7 360 mm (20.9 \u00d7 4.3 \u00d7 14.2 in)<\/td>\n<\/tr>\n<tr>\n<td>Total weight (incl. case, sensor and 2 AA batteries)<\/td>\n<td>3 kg (6.6 lbs)<\/td>\n<\/tr>\n<\/tbody>\n<\/table>\n<\/div>\n<\/div>\n<\/div>\n<\/div>\n<\/div>\n<div id=\"cid-575054\" class=\"col-md-4 space-between\">\n<div class=\"releated-links\">\n<div class=\"content\">\n<div><\/div>\n<div><\/div>\n<\/div>\n<\/div>\n<\/div>\n<\/div>\n<\/div>\n<\/div>\n<\/section>\n<section class=\"sections\">\n<div>\n<div class=\"container\">\n<div class=\"row\">\n<div id=\"cid-570698\" class=\"body-text-main col-md-8 space-between\">\n<div class=\"body-text-main\">\n<div class=\"body\">\n<div class=\"content text-darker-green-grey\">\n<div id=\"rich-text-div\">\n<table class=\"no-colors\" border=\"1\" cellspacing=\"1\" cellpadding=\"1\">\n<caption>Spare parts<\/caption>\n<colgroup>\n<col width=\"50%\" valign=\"top\" \/>\n<col width=\"50%\" valign=\"top\" \/><\/colgroup>\n<tbody>\n<tr>\n<td><strong>Designation<\/strong><\/td>\n<td><strong>Description<\/strong><\/td>\n<\/tr>\n<tr>\n<td>TKSU 10-HEADS<\/td>\n<td>Neckband headphones<\/td>\n<\/tr>\n<tr>\n<td>TLGU 10-HANDS<\/td>\n<td>Ultrasonic lubrication control unit<\/td>\n<\/tr>\n<tr>\n<td>TLGU 10-PROBE<\/td>\n<td>Lubricant sensor, lubricant adapter, sensor cable, flat magnetic support, curved magnetic support<\/td>\n<\/tr>\n<tr>\n<td>TLGU 10-CRADLE<\/td>\n<td>A stand with Velcro fasteners or a magnetic stand<\/td>\n<\/tr>\n<tr>\n<td>TLGU 10-CC<\/td>\n<td>Case with internal inserts<\/td>\n<\/tr>\n<\/tbody>\n<\/table>\n<\/div>\n<\/div>\n<\/div>\n<\/div>\n<\/div>\n<\/div>\n<\/div>\n<\/div>\n<\/section>\n<p>&nbsp;<\/p>","protected":false},"excerpt":{"rendered":"<div class=\"content-area col-lg-5\">\n<h1 class=\"title title-desktop title-active\"><span style=\"font-size: 16px;\">Ultrasonic sensor improves maintenance practices for regular bearing lubrication<\/span><\/h1>\n<div class=\"description\">\n<div class=\"content text-darker-green-grey\">\n<div id=\"rich-text-div\">\n<p>Designed for maintenance professionals, the TLGU 10 uses ultrasonic technology to optimize manual relubrication. When connected to a grease gun, the intuitive device guides the technician in delivering the correct amount of lubricant to the bearing. Resolving issues related to over- and under-lubrication helps extend bearing life. The device is recommended for use in a wide range of bearing applications, including electric motors, pumps, fans, compressors, and conveyors.<\/p>\n<\/div>\n<\/div>\n<\/div>\n<div class=\"columns\">\n<div class=\"column-one\">\n<div class=\"content text-darker-green-grey\">\n<div id=\"rich-text-div\">\n<ul>\n<li><strong>Ease of use<\/strong><br \/>\nThe TLGU 10 device is supplied as a kit. Its combination of audio and visual monitoring helps technicians perform relubrication with maximum precision.<\/li>\n<li><strong>Cost reduction<\/strong><br \/>\nIn addition to preventing over-lubrication and excessive lubricant costs, greater accuracy improves the reliability of the user&#039;s equipment.<\/li>\n<\/ul>\n<\/div>\n<\/div>\n<\/div>\n<div class=\"column-two\">\n<div class=\"content text-darker-green-grey\">\n<div id=\"rich-text-div\">\n<ul>\n<li><strong>Reliability and accuracy<br \/>\n<\/strong>Instead of relying on theoretical models or personal experience, the technician receives precise instructions for the relubrication process in real time.<\/li>\n<li><strong>Increasing bearing life<br \/>\n<\/strong>Accurate relubrication ensures optimal bearing performance, reducing the likelihood of wear and failure.<\/li>\n<\/ul>\n<\/div>\n<\/div>\n<\/div>\n<\/div>\n<\/div>\n<div class=\"activity-area col-lg-3\">\n<div><\/div>\n<div class=\"d-flex flex-wrap button-wrapper\"><\/div>\n<\/div>","protected":false},"featured_media":7640,"template":"","meta":{"_acf_changed":false},"product_brand":[],"product_cat":[11565],"product_tag":[],"class_list":{"0":"post-7682","1":"product","2":"type-product","3":"status-publish","4":"has-post-thumbnail","6":"product_cat-instrumenty-dlja-smazyvanija","8":"first","9":"instock","10":"shipping-taxable","11":"product-type-simple"},"acf":[],"_links":{"self":[{"href":"https:\/\/tpgt.kz\/en\/wp-json\/wp\/v2\/product\/7682","targetHints":{"allow":["GET"]}}],"collection":[{"href":"https:\/\/tpgt.kz\/en\/wp-json\/wp\/v2\/product"}],"about":[{"href":"https:\/\/tpgt.kz\/en\/wp-json\/wp\/v2\/types\/product"}],"wp:featuredmedia":[{"embeddable":true,"href":"https:\/\/tpgt.kz\/en\/wp-json\/wp\/v2\/media\/7640"}],"wp:attachment":[{"href":"https:\/\/tpgt.kz\/en\/wp-json\/wp\/v2\/media?parent=7682"}],"wp:term":[{"taxonomy":"product_brand","embeddable":true,"href":"https:\/\/tpgt.kz\/en\/wp-json\/wp\/v2\/product_brand?post=7682"},{"taxonomy":"product_cat","embeddable":true,"href":"https:\/\/tpgt.kz\/en\/wp-json\/wp\/v2\/product_cat?post=7682"},{"taxonomy":"product_tag","embeddable":true,"href":"https:\/\/tpgt.kz\/en\/wp-json\/wp\/v2\/product_tag?post=7682"}],"curies":[{"name":"wp","href":"https:\/\/api.w.org\/{rel}","templated":true}]}}